{"id":2151,"date":"2017-11-20T10:07:03","date_gmt":"2017-11-20T09:07:03","guid":{"rendered":"https:\/\/www.polarharvest.com\/?page_id=2151"},"modified":"2017-12-05T12:22:21","modified_gmt":"2017-12-05T11:22:21","slug":"ohmi-nunavik","status":"publish","type":"page","link":"https:\/\/www.polarharvest.com\/en\/projet\/ohmi-nunavik\/","title":{"rendered":"The OHMI Nunavik"},"content":{"rendered":"<div class=\"iceCols\">\n<div id=\"module_133\" class=\"mod-article-single mod-article-single__ sur_lOHM\">\n<div id=\"item_104\" class=\"item__module visible-first visible\">\n<div class=\"item_introtext\">\n<p><img loading=\"lazy\" decoding=\"async\" class=\"wp-image-2662 aligncenter\" src=\"http:\/\/www.polarharvest.com\/wp-content\/uploads\/2017\/11\/logo-ohmi-300x180.png\" alt=\"\" width=\"401\" height=\"241\" srcset=\"https:\/\/www.polarharvest.com\/wp-content\/uploads\/2017\/11\/logo-ohmi-300x180.png 300w, https:\/\/www.polarharvest.com\/wp-content\/uploads\/2017\/11\/logo-ohmi-160x96.png 160w, https:\/\/www.polarharvest.com\/wp-content\/uploads\/2017\/11\/logo-ohmi.png 541w\" sizes=\"(max-width: 401px) 100vw, 401px\" \/><\/p>\n<p>&nbsp;<\/p>\n<p style=\"text-align: left;\">L&#8217;Observatoire Hommes-Milieux International Nunavik (<span style=\"color: #0000ff;\"><a style=\"color: #0000ff;\" href=\"http:\/\/ohmi-nunavik.in2p3.fr\/l-ohmi\">OHMI-Nunavik<\/a><\/span>) a \u00e9t\u00e9 cr\u00e9\u00e9 en 2012, sous l&#8217;\u00e9gide commune de ses organismes de tutelle : l&#8217;Institut \u00c9cologie et Environnement du Centre National de la Recherche Scientifique (CNRS) (France), le Centre des \u00c9tudes Nordiques (CEN) (Qu\u00e9bec) et l&#8217;Association R\u00e9gionale du Kativik (ARK) (Nunavik).<\/p>\n<p>Tukisigasuaqatigit est le nom de l&#8217;OHMI en inuktitut. Cela signifie &#8220;tenter de comprendre ensemble&#8221;.<\/p>\n<p>L\u2019OHM-I \u00ab\u00a0Nunavik\u00a0\u00bb est le 8<sup>\u00e8me<\/sup> observatoire du R\u00e9seau des OHM. Il est partie int\u00e9grante du Labex \u00ab\u00a0<span style=\"color: #0000ff;\"><a style=\"color: #0000ff;\" href=\"http:\/\/driihm.fr\/\" target=\"_blank\" rel=\"noopener\">Dispositif de Recherche Interdisciplinaire sur les Interactions Hommes-Milieux<\/a><\/span>\u00a0\u00bb (DRIIHM) qui anime l\u2019ensemble du dispositif international.<\/p>\n<p>Le fait structurant \u00e9tudi\u00e9 est \u00e9tabli par le contexte climatique, \u00e9cologique, social et culturel de l\u2019Arctique et la volont\u00e9 des communaut\u00e9s r\u00e9sidentes de maitriser leur d\u00e9veloppement et de prendre en main la gestion de leurs ressources et de leur territoire.<\/p>\n<p>L\u2019\u00e9v\u00e9nement fondateur est constitu\u00e9 par les impacts cumulatifs du changement global (climatique, \u00e9conomique, social) et en particulier, le lancement en 2011 d\u2019un vaste programme de d\u00e9veloppement \u00e9conomique du Grand Nord.<\/p>\n<\/div>\n<\/div>\n<\/div>\n<h4 class=\"visible-first\">Concept<\/h4>\n<p>Un OHM, en tant qu\u2019observatoire socio-environnemental \u00e0 long termes, se consacre \u00e0 l\u2019\u00e9tude d\u2019un syst\u00e8me socio-\u00e9cologique (SES). La coh\u00e9rence et le p\u00e9rim\u00e8tre g\u00e9ographique du SES sont d\u00e9finis par<\/p>\n<p><!--more--><\/p>\n<p>un syst\u00e8me d\u2019interactions hommes-milieux structurant. Ce syst\u00e8me int\u00e9resse particuli\u00e8rement les OHM d\u00e8s lors qu\u2019il est expos\u00e9 \u00e0 un \u00e9v\u00e8nement majeur, d\u2019origine anthropique, susceptible d\u2019engendrer des d\u00e9s\u00e9quilibres in\u00e9dits.<\/p>\n<p>Les approches multi-scalaires, n\u00e9cessaires \u00e0 la compr\u00e9hension des ph\u00e9nom\u00e8nes ainsi observ\u00e9s jouent un r\u00f4le d\u2019articulation entre les projets d\u2019un OHM, entre les diff\u00e9rents OHM du r\u00e9seau et entre les OHM et d\u2019autres dispositifs scientifiques. Cet objet de recherche est partag\u00e9 par toutes les disciplines scientifiques pertinentes pour son \u00e9tude, depuis les sciences de la nature jusqu\u2019aux sciences de l\u2019homme et de la soci\u00e9t\u00e9. Ce collectif de recherche se compose de laboratoires de recherche et de partenaires institutionnels locaux, r\u00e9gionaux ou nationaux.<\/p>\n<h4 class=\"visible-first\">Fonctionnement<\/h4>\n<p>Un OHM fonctionne comme un r\u00e9seau de comp\u00e9tences, au sein duquel des \u00e9changes scientifiques sont organis\u00e9s, des formations sont propos\u00e9es et des rapprochements avec les d\u00e9cideurs publics sont facilit\u00e9es. Les pratiques interdisciplinaires sont encourag\u00e9es et, chaque ann\u00e9e, un appel \u00e0 propositions de recherche permet d\u2019orienter les travaux et d\u2019inviter les \u00e9quipes scientifiques \u00e0 s\u2019investir dans le projet de l\u2019observatoire.<\/p>\n<p>Les connaissances produites donnent lieu \u00e0 la mise en place d\u2019un syst\u00e8me d\u2019information (m\u00e9tadonn\u00e9es, SIG, bases de donn\u00e9es), dont l\u2019usage et les donn\u00e9es sont partag\u00e9s entre les acteurs de l\u2019observatoire.<\/p>\n<\/div>\n<p>&nbsp;<\/p>\n<div class=\"iceCols\"><\/div>\n<p>&nbsp;<\/p>\n<p>&nbsp;<\/p>\n","protected":false},"excerpt":{"rendered":"<p>&nbsp; L&#8217;Observatoire Hommes-Milieux International Nunavik (OHMI-Nunavik) a \u00e9t\u00e9 cr\u00e9\u00e9 en 2012, sous l&#8217;\u00e9gide commune de ses organismes de tutelle : l&#8217;Institut \u00c9cologie et Environnement du Centre National de la Recherche Scientifique (CNRS) (France), le Centre des \u00c9tudes Nordiques (CEN) (Qu\u00e9bec) et l&#8217;Association R\u00e9gionale du Kativik (ARK) (Nunavik). Tukisigasuaqatigit est le nom de l&#8217;OHMI en inuktitut. [&hellip;]<\/p>\n","protected":false},"author":1,"featured_media":0,"parent":2005,"menu_order":0,"comment_status":"closed","ping_status":"closed","template":"","meta":{"footnotes":""},"_links":{"self":[{"href":"https:\/\/www.polarharvest.com\/en\/wp-json\/wp\/v2\/pages\/2151"}],"collection":[{"href":"https:\/\/www.polarharvest.com\/en\/wp-json\/wp\/v2\/pages"}],"about":[{"href":"https:\/\/www.polarharvest.com\/en\/wp-json\/wp\/v2\/types\/page"}],"author":[{"embeddable":true,"href":"https:\/\/www.polarharvest.com\/en\/wp-json\/wp\/v2\/users\/1"}],"replies":[{"embeddable":true,"href":"https:\/\/www.polarharvest.com\/en\/wp-json\/wp\/v2\/comments?post=2151"}],"version-history":[{"count":19,"href":"https:\/\/www.polarharvest.com\/en\/wp-json\/wp\/v2\/pages\/2151\/revisions"}],"predecessor-version":[{"id":3084,"href":"https:\/\/www.polarharvest.com\/en\/wp-json\/wp\/v2\/pages\/2151\/revisions\/3084"}],"up":[{"embeddable":true,"href":"https:\/\/www.polarharvest.com\/en\/wp-json\/wp\/v2\/pages\/2005"}],"wp:attachment":[{"href":"https:\/\/www.polarharvest.com\/en\/wp-json\/wp\/v2\/media?parent=2151"}],"curies":[{"name":"wp","href":"https:\/\/api.w.org\/{rel}","templated":true}]}}